{"id":1674,"date":"2021-04-17T23:07:41","date_gmt":"2021-04-17T21:07:41","guid":{"rendered":"https:\/\/madgirls.com\/ueber\/"},"modified":"2021-04-17T23:07:43","modified_gmt":"2021-04-17T21:07:43","slug":"ueber","status":"publish","type":"page","link":"https:\/\/www.madgirls.com\/de\/ueber\/","title":{"rendered":"\u00dcber"},"content":{"rendered":"  <div id=\"page-header-379912222\" class=\"page-header-wrapper\">\n  <div class=\"page-title dark normal-title\">\n\n        <div class=\"page-title-bg\">\n      <div class=\"title-bg fill bg-fill\"\n        data-parallax-container=\".page-title\"\n        data-parallax-background\n        data-parallax=\"-\">\n      <\/div>\n      <div class=\"title-overlay fill\"><\/div>\n    <\/div>\n    \n    <div class=\"page-title-inner container align-center text-center flex-row-col medium-flex-wrap\" >\n              <div class=\"title-wrapper uppercase is-small flex-col\">\n          <h1 class=\"entry-title mb-0\">\n            \u00dcber          <\/h1>\n        <\/div>\n                    <div class=\"title-content flex-col\">\n              <\/div>\n    <\/div>\n\n     \n<style>\n#page-header-379912222 .title-overlay {\n  background-color: rgb(0, 0, 0);\n}\n#page-header-379912222 .normal-title {\n  background-color: rgb(0,0,0);\n}\n<\/style>\n  <\/div>\n    <\/div>\n  \n\t<div id=\"gap-1293967392\" class=\"gap-element clearfix\" style=\"display:block; height:auto;\">\n\t\t\n<style>\n#gap-1293967392 {\n  padding-top: 30px;\n}\n<\/style>\n\t<\/div>\n\t\n<p>Moderne Materialien und durchdachtes Design haben die Herstellung realistischer Sexpuppen zu einem vern\u00fcnftigen Preis erm\u00f6glicht. Die Qualit\u00e4t hat sich im Laufe der Jahre verbessert und die Anzahl der globalen Hersteller hat zugenommen. Deshalb haben Sie heutzutage eine beispiellose Auswahl beim Kauf einer Sexpuppe. <\/p>\n<p>Wir arbeiten eng mit nur den besten Herstellern der Branche zusammen und f\u00fchren in unserem Online-Shop von MADGIRLS.com eine gro\u00dfe Auswahl an Sexpuppen, Spielzeug f\u00fcr Erwachsene und Accessoires. Unsere Sexpuppen bestehen aus hochwertigem Silikon oder TPE. Diese Materialien sind sehr stark und erm\u00f6glichen Dehnen ohne zu rei\u00dfen.<\/p>\n<p>Alle unsere realistischen Sexpuppen werden von den besten K\u00fcnstlern der Erotikindustrie von Hand gefertigt. Unsere Sexpuppen sind anatomisch korrekt modelliert, um t\u00e4uschend echten und stressfreien hei\u00dfen Sex zu erm\u00f6glichen. Egal zu welcher Stunde Ihre pers\u00f6nliche Sexpuppe in jeder Lebenssituation f\u00fcr Sie da ist, um Sie geil zu befriedigen.<\/p>\n<p>Wir sind bestrebt, Ihre Privatsph\u00e4re zu sch\u00fctzen. Alle Pakete werden in 100% diskreter Verpackung und Versand geliefert. Dar\u00fcber hinaus sind Kundendaten in unserer Datenschutzrichtlinie versiegelt. Es ist uns eine gro\u00dfe Ehre, Ihnen die beste Qualit\u00e4t zum g\u00fcnstigsten Preis und mit maximaler Diskretion zu bieten.<\/p>\n<p>Wir lassen Ihre hei\u00dfen Tr\u00e4ume wahr werden.<\/p>\n<a href=\"\/Gesch\u00e4ft\/\" class=\"button primary\" >\n\t<i class=\"icon-gift\" aria-hidden=\"true\"><\/i>\t<span>JETZT EINKAUFEN<\/span>\n\t<\/a>\n\n","protected":false},"excerpt":{"rendered":"<p>Moderne Materialien und durchdachtes Design haben die Herstellung realistischer Sexpuppen zu einem vern\u00fcnftigen Preis erm\u00f6glicht. Die Qualit\u00e4t hat sich im Laufe der Jahre verbessert und die Anzahl der globalen Hersteller hat zugenommen. Deshalb haben Sie heutzutage eine beispiellose Auswahl beim Kauf einer Sexpuppe. Wir arbeiten eng mit nur den besten Herstellern der Branche zusammen und [&#8230;]\n","protected":false},"author":1,"featured_media":0,"parent":0,"menu_order":0,"comment_status":"closed","ping_status":"closed","template":"","meta":{"footnotes":""},"class_list":["post-1674","page","type-page","status-publish","hentry"],"yoast_head":"<!-- This site is optimized with the Yoast SEO plugin v26.5 - https:\/\/yoast.com\/wordpress\/plugins\/seo\/ -->\n<title>\u00dcber - Mad Girls<\/title>\n<meta name=\"robots\" content=\"index, follow, max-snippet:-1, max-image-preview:large, max-video-preview:-1\" \/>\n<link rel=\"canonical\" href=\"https:\/\/www.madgirls.com\/de\/ueber\/\" \/>\n<meta property=\"og:locale\" content=\"de_DE\" \/>\n<meta property=\"og:type\" content=\"article\" \/>\n<meta property=\"og:title\" content=\"\u00dcber - Mad Girls\" \/>\n<meta property=\"og:description\" content=\"Moderne Materialien und durchdachtes Design haben die Herstellung realistischer Sexpuppen zu einem vern\u00fcnftigen Preis erm\u00f6glicht. Die Qualit\u00e4t hat sich im Laufe der Jahre verbessert und die Anzahl der globalen Hersteller hat zugenommen. Deshalb haben Sie heutzutage eine beispiellose Auswahl beim Kauf einer Sexpuppe. Wir arbeiten eng mit nur den besten Herstellern der Branche zusammen und [...]\" \/>\n<meta property=\"og:url\" content=\"https:\/\/www.madgirls.com\/de\/ueber\/\" \/>\n<meta property=\"og:site_name\" content=\"Mad Girls\" \/>\n<meta property=\"article:modified_time\" content=\"2021-04-17T21:07:43+00:00\" \/>\n<meta name=\"twitter:card\" content=\"summary_large_image\" \/>\n<meta name=\"twitter:label1\" content=\"Gesch\u00e4tzte Lesezeit\" \/>\n\t<meta name=\"twitter:data1\" content=\"1\u00a0Minute\" \/>\n<script type=\"application\/ld+json\" class=\"yoast-schema-graph\">{\"@context\":\"https:\/\/schema.org\",\"@graph\":[{\"@type\":\"WebPage\",\"@id\":\"https:\/\/www.madgirls.com\/de\/ueber\/\",\"url\":\"https:\/\/www.madgirls.com\/de\/ueber\/\",\"name\":\"\u00dcber - Mad Girls\",\"isPartOf\":{\"@id\":\"https:\/\/www.madgirls.com\/de\/#website\"},\"datePublished\":\"2021-04-17T21:07:41+00:00\",\"dateModified\":\"2021-04-17T21:07:43+00:00\",\"breadcrumb\":{\"@id\":\"https:\/\/www.madgirls.com\/de\/ueber\/#breadcrumb\"},\"inLanguage\":\"de\",\"potentialAction\":[{\"@type\":\"ReadAction\",\"target\":[\"https:\/\/www.madgirls.com\/de\/ueber\/\"]}]},{\"@type\":\"BreadcrumbList\",\"@id\":\"https:\/\/www.madgirls.com\/de\/ueber\/#breadcrumb\",\"itemListElement\":[{\"@type\":\"ListItem\",\"position\":1,\"name\":\"Home\",\"item\":\"https:\/\/www.madgirls.com\/de\/\"},{\"@type\":\"ListItem\",\"position\":2,\"name\":\"\u00dcber\"}]},{\"@type\":\"WebSite\",\"@id\":\"https:\/\/www.madgirls.com\/de\/#website\",\"url\":\"https:\/\/www.madgirls.com\/de\/\",\"name\":\"Mad Girls\",\"description\":\"High Quality Sex Dolls - Worldwide Free Shipping\",\"publisher\":{\"@id\":\"https:\/\/www.madgirls.com\/de\/#organization\"},\"potentialAction\":[{\"@type\":\"SearchAction\",\"target\":{\"@type\":\"EntryPoint\",\"urlTemplate\":\"https:\/\/www.madgirls.com\/de\/?s={search_term_string}\"},\"query-input\":{\"@type\":\"PropertyValueSpecification\",\"valueRequired\":true,\"valueName\":\"search_term_string\"}}],\"inLanguage\":\"de\"},{\"@type\":\"Organization\",\"@id\":\"https:\/\/www.madgirls.com\/de\/#organization\",\"name\":\"Mad Girls\",\"url\":\"https:\/\/www.madgirls.com\/de\/\",\"logo\":{\"@type\":\"ImageObject\",\"inLanguage\":\"de\",\"@id\":\"https:\/\/www.madgirls.com\/de\/#\/schema\/logo\/image\/\",\"url\":\"https:\/\/madgirls.com\/wp-content\/uploads\/madgirls_logo.png\",\"contentUrl\":\"https:\/\/madgirls.com\/wp-content\/uploads\/madgirls_logo.png\",\"width\":400,\"height\":84,\"caption\":\"Mad Girls\"},\"image\":{\"@id\":\"https:\/\/www.madgirls.com\/de\/#\/schema\/logo\/image\/\"}}]}<\/script>\n<!-- \/ Yoast SEO plugin. -->","yoast_head_json":{"title":"\u00dcber - Mad Girls","robots":{"index":"index","follow":"follow","max-snippet":"max-snippet:-1","max-image-preview":"max-image-preview:large","max-video-preview":"max-video-preview:-1"},"canonical":"https:\/\/www.madgirls.com\/de\/ueber\/","og_locale":"de_DE","og_type":"article","og_title":"\u00dcber - Mad Girls","og_description":"Moderne Materialien und durchdachtes Design haben die Herstellung realistischer Sexpuppen zu einem vern\u00fcnftigen Preis erm\u00f6glicht. Die Qualit\u00e4t hat sich im Laufe der Jahre verbessert und die Anzahl der globalen Hersteller hat zugenommen. Deshalb haben Sie heutzutage eine beispiellose Auswahl beim Kauf einer Sexpuppe. Wir arbeiten eng mit nur den besten Herstellern der Branche zusammen und [...]","og_url":"https:\/\/www.madgirls.com\/de\/ueber\/","og_site_name":"Mad Girls","article_modified_time":"2021-04-17T21:07:43+00:00","twitter_card":"summary_large_image","twitter_misc":{"Gesch\u00e4tzte Lesezeit":"1\u00a0Minute"},"schema":{"@context":"https:\/\/schema.org","@graph":[{"@type":"WebPage","@id":"https:\/\/www.madgirls.com\/de\/ueber\/","url":"https:\/\/www.madgirls.com\/de\/ueber\/","name":"\u00dcber - Mad Girls","isPartOf":{"@id":"https:\/\/www.madgirls.com\/de\/#website"},"datePublished":"2021-04-17T21:07:41+00:00","dateModified":"2021-04-17T21:07:43+00:00","breadcrumb":{"@id":"https:\/\/www.madgirls.com\/de\/ueber\/#breadcrumb"},"inLanguage":"de","potentialAction":[{"@type":"ReadAction","target":["https:\/\/www.madgirls.com\/de\/ueber\/"]}]},{"@type":"BreadcrumbList","@id":"https:\/\/www.madgirls.com\/de\/ueber\/#breadcrumb","itemListElement":[{"@type":"ListItem","position":1,"name":"Home","item":"https:\/\/www.madgirls.com\/de\/"},{"@type":"ListItem","position":2,"name":"\u00dcber"}]},{"@type":"WebSite","@id":"https:\/\/www.madgirls.com\/de\/#website","url":"https:\/\/www.madgirls.com\/de\/","name":"Mad Girls","description":"High Quality Sex Dolls - Worldwide Free Shipping","publisher":{"@id":"https:\/\/www.madgirls.com\/de\/#organization"},"potentialAction":[{"@type":"SearchAction","target":{"@type":"EntryPoint","urlTemplate":"https:\/\/www.madgirls.com\/de\/?s={search_term_string}"},"query-input":{"@type":"PropertyValueSpecification","valueRequired":true,"valueName":"search_term_string"}}],"inLanguage":"de"},{"@type":"Organization","@id":"https:\/\/www.madgirls.com\/de\/#organization","name":"Mad Girls","url":"https:\/\/www.madgirls.com\/de\/","logo":{"@type":"ImageObject","inLanguage":"de","@id":"https:\/\/www.madgirls.com\/de\/#\/schema\/logo\/image\/","url":"https:\/\/madgirls.com\/wp-content\/uploads\/madgirls_logo.png","contentUrl":"https:\/\/madgirls.com\/wp-content\/uploads\/madgirls_logo.png","width":400,"height":84,"caption":"Mad Girls"},"image":{"@id":"https:\/\/www.madgirls.com\/de\/#\/schema\/logo\/image\/"}}]}},"_links":{"self":[{"href":"https:\/\/www.madgirls.com\/de\/wp-json\/wp\/v2\/pages\/1674","targetHints":{"allow":["GET"]}}],"collection":[{"href":"https:\/\/www.madgirls.com\/de\/wp-json\/wp\/v2\/pages"}],"about":[{"href":"https:\/\/www.madgirls.com\/de\/wp-json\/wp\/v2\/types\/page"}],"author":[{"embeddable":true,"href":"https:\/\/www.madgirls.com\/de\/wp-json\/wp\/v2\/users\/1"}],"replies":[{"embeddable":true,"href":"https:\/\/www.madgirls.com\/de\/wp-json\/wp\/v2\/comments?post=1674"}],"version-history":[{"count":5,"href":"https:\/\/www.madgirls.com\/de\/wp-json\/wp\/v2\/pages\/1674\/revisions"}],"predecessor-version":[{"id":1679,"href":"https:\/\/www.madgirls.com\/de\/wp-json\/wp\/v2\/pages\/1674\/revisions\/1679"}],"wp:attachment":[{"href":"https:\/\/www.madgirls.com\/de\/wp-json\/wp\/v2\/media?parent=1674"}],"curies":[{"name":"wp","href":"https:\/\/api.w.org\/{rel}","templated":true}]}}