{"id":3889,"date":"2021-01-19T23:23:34","date_gmt":"2021-05-09T10:55:39","guid":{"rendered":"https:\/\/madgirls.com\/shop\/angelica-148-cm\/"},"modified":"2021-05-09T12:55:44","modified_gmt":"2021-05-09T10:55:44","slug":"angelica-148-cm","status":"publish","type":"product","link":"https:\/\/www.madgirls.com\/de\/shop\/angelica-148-cm\/","title":{"rendered":"Angelica 148 cm"},"content":{"rendered":"\n\t\t<div class=\"tabbed-content\">\n\t\t\t\n\t\t\t<ul class=\"nav nav-simple nav-normal nav-size-normal nav-left\" role=\"tablist\"><li id=\"tab-936457918\" class=\"tab active has-icon\" role=\"presentation\"><a href=\"#tab_936457918\" role=\"tab\" aria-selected=\"true\" aria-controls=\"tab_936457918\"><span><\/span><\/a><\/li><\/ul><div class=\"tab-panels\"><div id=\"tab_936457918\" class=\"panel active entry-content\" role=\"tabpanel\" aria-labelledby=\"tab-936457918\">\n<div class=\"row\"  id=\"row-890388866\">\n\n\t<div id=\"col-1769586989\" class=\"col medium-4 small-12 large-4\"  >\n\t\t\t\t<div class=\"col-inner\"  >\n\t\t\t\n\t\t\t\n<ul>\n<li><strong>Material<\/strong> : TPE-Puppe<\/li>\n<li><strong>Gr\u00f6\u00dfe<\/strong> : 148 cm<\/li>\n<li><strong>Hals<\/strong> : 27 cm | 10,6 Zoll<\/li>\n<li><strong>Schulterbreite<\/strong> : 32 cm | 12,6 Zoll<\/li>\n<li><strong>Arml\u00e4nge<\/strong> : 60 cm | 23,6 Zoll<\/li>\n<li><strong>Handfl\u00e4chenl\u00e4nge<\/strong> : 14 cm | 5,5 Zoll<\/li>\n<\/ul>\n\t\t<\/div>\n\t\t\t\t\t<\/div>\n\n\t\n\n\t<div id=\"col-1365190734\" class=\"col medium-4 small-12 large-4\"  >\n\t\t\t\t<div class=\"col-inner\"  >\n\t\t\t\n\t\t\t\n<ul>\n<li style=\"font-weight: 400\"><strong>Beinl\u00e4nge<\/strong> : 72 cm | 28,3 Zoll<\/li>\n<li style=\"font-weight: 400\"><strong>Fu\u00dfl\u00e4nge<\/strong> : 19 cm | 7,5 Zoll<\/li>\n<li style=\"font-weight: 400\"><strong>Volle B\u00fcste<\/strong> : 62 cm | 24,4 Zoll<\/li>\n<li style=\"font-weight: 400\"><strong>Unter Fehlschlag<\/strong> : 49 cm | 19,3 Zoll<\/li>\n<li style=\"font-weight: 400\"><strong>Taille<\/strong> : 40 cm | 15,7 Zoll<\/li>\n<li style=\"font-weight: 400\"><strong>H\u00fcfte<\/strong> : 78 cm | 30,7 Zoll<\/li>\n<\/ul>\n\t\t<\/div>\n\t\t\t\t\t<\/div>\n\n\t\n\n\t<div id=\"col-468738360\" class=\"col medium-4 small-12 large-4\"  >\n\t\t\t\t<div class=\"col-inner\"  >\n\t\t\t\n\t\t\t\n<ul>\n<li><strong>Gewicht<\/strong> : 28 kg<\/li>\n<li><strong>M\u00fcndliche Tiefe<\/strong> : 12 cm | 4,7 Zoll<\/li>\n<li><strong>Vaginaltiefe<\/strong> : 16 cm | 6,3 Zoll<\/li>\n<li><strong>Analtiefe<\/strong> : 14 cm | 5,5 Zoll<\/li>\n<li><strong>Packungsgr\u00f6\u00dfe<\/strong> : 140 * 40 * 28 cm | 55,1 * 15,7 * 11 Zoll<\/li>\n<\/ul>\n\t\t<\/div>\n\t\t\t\t\t<\/div>\n\n\t\n<\/div>\n<\/div><\/div><\/div>\n","protected":false},"excerpt":{"rendered":"<p>Angelica ist die perfekte Begleiterin. Sie ist ein wundersch\u00f6nes M\u00e4dchen von nebenan, das es liebt zu gefallen und alles tun wird, was Sie sie fragen. Ihre glatt rasierte Vagina f\u00fchlt sich angenehm und eng zum Liebesspiel an. Mit einem Paar einladender Br\u00fcste sind ihre festen Brustwarzen zur Stimulation bereit. Ihr kurvenreicher K\u00f6rper sieht fantastisch aus, egal wo sie ist, drinnen oder drau\u00dfen, Tag oder Nacht. Sie ist eine besondere Frau, die das Leben genie\u00dft und es mit Ihnen leben m\u00f6chte!<\/p>\n<p><em><strong>&#8220;Meine seidenweiche Haut wartet darauf, dass du jeden Zentimeter von mir k\u00fcsst, streichelst und erforschst. Meine Lippen warten darauf, gek\u00fcsst und gelutscht zu werden. Meine Brustwarzen betteln nur darum, geleckt zu werden! Ich bin so sexy, da bin ich mir sicher Wir haben beide ein erotisches Abenteuer, bei dem du immer wieder zur\u00fcckkommst! &#8220;<\/strong><\/em><\/p>\n","protected":false},"featured_media":317,"comment_status":"closed","ping_status":"closed","template":"","meta":[],"product_brand":[],"product_cat":[223,228,224,229,225,226,221,230,227],"product_tag":[],"class_list":{"0":"post-3889","1":"product","2":"type-product","3":"status-publish","4":"has-post-thumbnail","6":"product_cat-140-150-cm-de","7":"product_cat-dunne-sexpuppen","8":"product_cat-europaische-sexpuppen","9":"product_cat-kleine-bruste","10":"product_cat-sexpuppen","11":"product_cat-sexpuppen-mit-blonden-haaren","12":"product_cat-teen-sex-dolls-de","13":"product_cat-tpe-sexpuppen","14":"product_cat-weibliche-sexpuppen","16":"first","17":"instock","18":"sale","19":"purchasable","20":"product-type-simple"},"yoast_head":"<!-- This site is optimized with the Yoast SEO plugin v26.5 - https:\/\/yoast.com\/wordpress\/plugins\/seo\/ -->\n<title>Angelica 148 cm - Mad Girls<\/title>\n<meta name=\"robots\" content=\"index, follow, max-snippet:-1, max-image-preview:large, max-video-preview:-1\" \/>\n<link rel=\"canonical\" href=\"https:\/\/www.madgirls.com\/de\/shop\/angelica-148-cm\/\" \/>\n<meta property=\"og:locale\" content=\"de_DE\" \/>\n<meta property=\"og:type\" content=\"article\" \/>\n<meta property=\"og:title\" content=\"Angelica 148 cm - Mad Girls\" \/>\n<meta property=\"og:description\" content=\"Angelica ist die perfekte Begleiterin. Sie ist ein wundersch\u00f6nes M\u00e4dchen von nebenan, das es liebt zu gefallen und alles tun wird, was Sie sie fragen. Ihre glatt rasierte Vagina f\u00fchlt sich angenehm und eng zum Liebesspiel an. Mit einem Paar einladender Br\u00fcste sind ihre festen Brustwarzen zur Stimulation bereit. Ihr kurvenreicher K\u00f6rper sieht fantastisch aus, egal wo sie ist, drinnen oder drau\u00dfen, Tag oder Nacht. Sie ist eine besondere Frau, die das Leben genie\u00dft und es mit Ihnen leben m\u00f6chte! &quot;Meine seidenweiche Haut wartet darauf, dass du jeden Zentimeter von mir k\u00fcsst, streichelst und erforschst. Meine Lippen warten darauf, gek\u00fcsst und gelutscht zu werden. Meine Brustwarzen betteln nur darum, geleckt zu werden! Ich bin so sexy, da bin ich mir sicher Wir haben beide ein erotisches Abenteuer, bei dem du immer wieder zur\u00fcckkommst! &quot;\" \/>\n<meta property=\"og:url\" content=\"https:\/\/www.madgirls.com\/de\/shop\/angelica-148-cm\/\" \/>\n<meta property=\"og:site_name\" content=\"Mad Girls\" \/>\n<meta property=\"article:modified_time\" content=\"2021-05-09T10:55:44+00:00\" \/>\n<meta property=\"og:image\" content=\"https:\/\/www.madgirls.com\/wp-content\/uploads\/sex-dolls\/140-150cm-sex-dolls\/148cm-sku-148017\/148cm-sku-148017-01.jpg\" \/>\n\t<meta property=\"og:image:width\" content=\"1280\" \/>\n\t<meta property=\"og:image:height\" content=\"1920\" \/>\n\t<meta property=\"og:image:type\" content=\"image\/jpeg\" \/>\n<meta name=\"twitter:card\" content=\"summary_large_image\" \/>\n<script type=\"application\/ld+json\" class=\"yoast-schema-graph\">{\"@context\":\"https:\/\/schema.org\",\"@graph\":[{\"@type\":\"WebPage\",\"@id\":\"https:\/\/www.madgirls.com\/de\/shop\/angelica-148-cm\/\",\"url\":\"https:\/\/www.madgirls.com\/de\/shop\/angelica-148-cm\/\",\"name\":\"Angelica 148 cm - Mad Girls\",\"isPartOf\":{\"@id\":\"https:\/\/www.madgirls.com\/de\/#website\"},\"primaryImageOfPage\":{\"@id\":\"https:\/\/www.madgirls.com\/de\/shop\/angelica-148-cm\/#primaryimage\"},\"image\":{\"@id\":\"https:\/\/www.madgirls.com\/de\/shop\/angelica-148-cm\/#primaryimage\"},\"thumbnailUrl\":\"https:\/\/www.madgirls.com\/wp-content\/uploads\/sex-dolls\/140-150cm-sex-dolls\/148cm-sku-148017\/148cm-sku-148017-01.jpg\",\"datePublished\":\"2021-05-09T10:55:39+00:00\",\"dateModified\":\"2021-05-09T10:55:44+00:00\",\"breadcrumb\":{\"@id\":\"https:\/\/www.madgirls.com\/de\/shop\/angelica-148-cm\/#breadcrumb\"},\"inLanguage\":\"de\",\"potentialAction\":[{\"@type\":\"ReadAction\",\"target\":[\"https:\/\/www.madgirls.com\/de\/shop\/angelica-148-cm\/\"]}]},{\"@type\":\"ImageObject\",\"inLanguage\":\"de\",\"@id\":\"https:\/\/www.madgirls.com\/de\/shop\/angelica-148-cm\/#primaryimage\",\"url\":\"https:\/\/www.madgirls.com\/wp-content\/uploads\/sex-dolls\/140-150cm-sex-dolls\/148cm-sku-148017\/148cm-sku-148017-01.jpg\",\"contentUrl\":\"https:\/\/www.madgirls.com\/wp-content\/uploads\/sex-dolls\/140-150cm-sex-dolls\/148cm-sku-148017\/148cm-sku-148017-01.jpg\",\"width\":1280,\"height\":1920},{\"@type\":\"BreadcrumbList\",\"@id\":\"https:\/\/www.madgirls.com\/de\/shop\/angelica-148-cm\/#breadcrumb\",\"itemListElement\":[{\"@type\":\"ListItem\",\"position\":1,\"name\":\"Home\",\"item\":\"https:\/\/www.madgirls.com\/de\/\"},{\"@type\":\"ListItem\",\"position\":2,\"name\":\"Shop\",\"item\":\"https:\/\/www.madgirls.com\/shop-2\/\"},{\"@type\":\"ListItem\",\"position\":3,\"name\":\"Angelica 148 cm\"}]},{\"@type\":\"WebSite\",\"@id\":\"https:\/\/www.madgirls.com\/de\/#website\",\"url\":\"https:\/\/www.madgirls.com\/de\/\",\"name\":\"Mad Girls\",\"description\":\"High Quality Sex Dolls - Worldwide Free Shipping\",\"publisher\":{\"@id\":\"https:\/\/www.madgirls.com\/de\/#organization\"},\"potentialAction\":[{\"@type\":\"SearchAction\",\"target\":{\"@type\":\"EntryPoint\",\"urlTemplate\":\"https:\/\/www.madgirls.com\/de\/?s={search_term_string}\"},\"query-input\":{\"@type\":\"PropertyValueSpecification\",\"valueRequired\":true,\"valueName\":\"search_term_string\"}}],\"inLanguage\":\"de\"},{\"@type\":\"Organization\",\"@id\":\"https:\/\/www.madgirls.com\/de\/#organization\",\"name\":\"Mad Girls\",\"url\":\"https:\/\/www.madgirls.com\/de\/\",\"logo\":{\"@type\":\"ImageObject\",\"inLanguage\":\"de\",\"@id\":\"https:\/\/www.madgirls.com\/de\/#\/schema\/logo\/image\/\",\"url\":\"https:\/\/madgirls.com\/wp-content\/uploads\/madgirls_logo.png\",\"contentUrl\":\"https:\/\/madgirls.com\/wp-content\/uploads\/madgirls_logo.png\",\"width\":400,\"height\":84,\"caption\":\"Mad Girls\"},\"image\":{\"@id\":\"https:\/\/www.madgirls.com\/de\/#\/schema\/logo\/image\/\"}}]}<\/script>\n<!-- \/ Yoast SEO plugin. -->","yoast_head_json":{"title":"Angelica 148 cm - Mad Girls","robots":{"index":"index","follow":"follow","max-snippet":"max-snippet:-1","max-image-preview":"max-image-preview:large","max-video-preview":"max-video-preview:-1"},"canonical":"https:\/\/www.madgirls.com\/de\/shop\/angelica-148-cm\/","og_locale":"de_DE","og_type":"article","og_title":"Angelica 148 cm - Mad Girls","og_description":"Angelica ist die perfekte Begleiterin. Sie ist ein wundersch\u00f6nes M\u00e4dchen von nebenan, das es liebt zu gefallen und alles tun wird, was Sie sie fragen. Ihre glatt rasierte Vagina f\u00fchlt sich angenehm und eng zum Liebesspiel an. Mit einem Paar einladender Br\u00fcste sind ihre festen Brustwarzen zur Stimulation bereit. Ihr kurvenreicher K\u00f6rper sieht fantastisch aus, egal wo sie ist, drinnen oder drau\u00dfen, Tag oder Nacht. Sie ist eine besondere Frau, die das Leben genie\u00dft und es mit Ihnen leben m\u00f6chte! \"Meine seidenweiche Haut wartet darauf, dass du jeden Zentimeter von mir k\u00fcsst, streichelst und erforschst. Meine Lippen warten darauf, gek\u00fcsst und gelutscht zu werden. Meine Brustwarzen betteln nur darum, geleckt zu werden! Ich bin so sexy, da bin ich mir sicher Wir haben beide ein erotisches Abenteuer, bei dem du immer wieder zur\u00fcckkommst! \"","og_url":"https:\/\/www.madgirls.com\/de\/shop\/angelica-148-cm\/","og_site_name":"Mad Girls","article_modified_time":"2021-05-09T10:55:44+00:00","og_image":[{"width":1280,"height":1920,"url":"https:\/\/www.madgirls.com\/wp-content\/uploads\/sex-dolls\/140-150cm-sex-dolls\/148cm-sku-148017\/148cm-sku-148017-01.jpg","type":"image\/jpeg"}],"twitter_card":"summary_large_image","schema":{"@context":"https:\/\/schema.org","@graph":[{"@type":"WebPage","@id":"https:\/\/www.madgirls.com\/de\/shop\/angelica-148-cm\/","url":"https:\/\/www.madgirls.com\/de\/shop\/angelica-148-cm\/","name":"Angelica 148 cm - Mad Girls","isPartOf":{"@id":"https:\/\/www.madgirls.com\/de\/#website"},"primaryImageOfPage":{"@id":"https:\/\/www.madgirls.com\/de\/shop\/angelica-148-cm\/#primaryimage"},"image":{"@id":"https:\/\/www.madgirls.com\/de\/shop\/angelica-148-cm\/#primaryimage"},"thumbnailUrl":"https:\/\/www.madgirls.com\/wp-content\/uploads\/sex-dolls\/140-150cm-sex-dolls\/148cm-sku-148017\/148cm-sku-148017-01.jpg","datePublished":"2021-05-09T10:55:39+00:00","dateModified":"2021-05-09T10:55:44+00:00","breadcrumb":{"@id":"https:\/\/www.madgirls.com\/de\/shop\/angelica-148-cm\/#breadcrumb"},"inLanguage":"de","potentialAction":[{"@type":"ReadAction","target":["https:\/\/www.madgirls.com\/de\/shop\/angelica-148-cm\/"]}]},{"@type":"ImageObject","inLanguage":"de","@id":"https:\/\/www.madgirls.com\/de\/shop\/angelica-148-cm\/#primaryimage","url":"https:\/\/www.madgirls.com\/wp-content\/uploads\/sex-dolls\/140-150cm-sex-dolls\/148cm-sku-148017\/148cm-sku-148017-01.jpg","contentUrl":"https:\/\/www.madgirls.com\/wp-content\/uploads\/sex-dolls\/140-150cm-sex-dolls\/148cm-sku-148017\/148cm-sku-148017-01.jpg","width":1280,"height":1920},{"@type":"BreadcrumbList","@id":"https:\/\/www.madgirls.com\/de\/shop\/angelica-148-cm\/#breadcrumb","itemListElement":[{"@type":"ListItem","position":1,"name":"Home","item":"https:\/\/www.madgirls.com\/de\/"},{"@type":"ListItem","position":2,"name":"Shop","item":"https:\/\/www.madgirls.com\/shop-2\/"},{"@type":"ListItem","position":3,"name":"Angelica 148 cm"}]},{"@type":"WebSite","@id":"https:\/\/www.madgirls.com\/de\/#website","url":"https:\/\/www.madgirls.com\/de\/","name":"Mad Girls","description":"High Quality Sex Dolls - Worldwide Free Shipping","publisher":{"@id":"https:\/\/www.madgirls.com\/de\/#organization"},"potentialAction":[{"@type":"SearchAction","target":{"@type":"EntryPoint","urlTemplate":"https:\/\/www.madgirls.com\/de\/?s={search_term_string}"},"query-input":{"@type":"PropertyValueSpecification","valueRequired":true,"valueName":"search_term_string"}}],"inLanguage":"de"},{"@type":"Organization","@id":"https:\/\/www.madgirls.com\/de\/#organization","name":"Mad Girls","url":"https:\/\/www.madgirls.com\/de\/","logo":{"@type":"ImageObject","inLanguage":"de","@id":"https:\/\/www.madgirls.com\/de\/#\/schema\/logo\/image\/","url":"https:\/\/madgirls.com\/wp-content\/uploads\/madgirls_logo.png","contentUrl":"https:\/\/madgirls.com\/wp-content\/uploads\/madgirls_logo.png","width":400,"height":84,"caption":"Mad Girls"},"image":{"@id":"https:\/\/www.madgirls.com\/de\/#\/schema\/logo\/image\/"}}]}},"_links":{"self":[{"href":"https:\/\/www.madgirls.com\/de\/wp-json\/wp\/v2\/product\/3889","targetHints":{"allow":["GET"]}}],"collection":[{"href":"https:\/\/www.madgirls.com\/de\/wp-json\/wp\/v2\/product"}],"about":[{"href":"https:\/\/www.madgirls.com\/de\/wp-json\/wp\/v2\/types\/product"}],"replies":[{"embeddable":true,"href":"https:\/\/www.madgirls.com\/de\/wp-json\/wp\/v2\/comments?post=3889"}],"wp:featuredmedia":[{"embeddable":true,"href":"https:\/\/www.madgirls.com\/de\/wp-json\/wp\/v2\/media\/317"}],"wp:attachment":[{"href":"https:\/\/www.madgirls.com\/de\/wp-json\/wp\/v2\/media?parent=3889"}],"wp:term":[{"taxonomy":"product_brand","embeddable":true,"href":"https:\/\/www.madgirls.com\/de\/wp-json\/wp\/v2\/product_brand?post=3889"},{"taxonomy":"product_cat","embeddable":true,"href":"https:\/\/www.madgirls.com\/de\/wp-json\/wp\/v2\/product_cat?post=3889"},{"taxonomy":"product_tag","embeddable":true,"href":"https:\/\/www.madgirls.com\/de\/wp-json\/wp\/v2\/product_tag?post=3889"}],"curies":[{"name":"wp","href":"https:\/\/api.w.org\/{rel}","templated":true}]}}