{"id":1680,"date":"2021-04-17T23:09:58","date_gmt":"2021-04-17T21:09:58","guid":{"rendered":"https:\/\/madgirls.com\/oko\/"},"modified":"2021-04-17T23:10:00","modified_gmt":"2021-04-17T21:10:00","slug":"oko","status":"publish","type":"page","link":"https:\/\/www.madgirls.com\/hr\/oko\/","title":{"rendered":"Oko"},"content":{"rendered":"  <div id=\"page-header-1334086264\" class=\"page-header-wrapper\">\n  <div class=\"page-title dark normal-title\">\n\n        <div class=\"page-title-bg\">\n      <div class=\"title-bg fill bg-fill\"\n        data-parallax-container=\".page-title\"\n        data-parallax-background\n        data-parallax=\"-\">\n      <\/div>\n      <div class=\"title-overlay fill\"><\/div>\n    <\/div>\n    \n    <div class=\"page-title-inner container align-center text-center flex-row-col medium-flex-wrap\" >\n              <div class=\"title-wrapper uppercase is-small flex-col\">\n          <h1 class=\"entry-title mb-0\">\n            Oko          <\/h1>\n        <\/div>\n                    <div class=\"title-content flex-col\">\n              <\/div>\n    <\/div>\n\n     \n<style>\n#page-header-1334086264 .title-overlay {\n  background-color: rgb(0, 0, 0);\n}\n#page-header-1334086264 .normal-title {\n  background-color: rgb(0,0,0);\n}\n<\/style>\n  <\/div>\n    <\/div>\n  \n\t<div id=\"gap-690587356\" class=\"gap-element clearfix\" style=\"display:block; height:auto;\">\n\t\t\n<style>\n#gap-690587356 {\n  padding-top: 30px;\n}\n<\/style>\n\t<\/div>\n\t\n<p>Moderni materijali i promi\u0161ljeni dizajn omogu\u0107ili su proizvodnju realisti\u010dnih seks lutki po razumnoj cijeni. Kvaliteta se s godinama pobolj\u0161avala, a broj svjetskih proizvo\u0111a\u010da pove\u0107ao. Zbog toga danas imate nevi\u0111en izbor pri kupnji seks lutke. <\/p>\n<p>Usko sura\u0111ujemo samo s najboljim proizvo\u0111a\u010dima u industriji i dr\u017eimo \u0161irok raspon seksualnih lutki, igra\u010daka za odrasle i dodataka u na\u0161oj MADGIRLS.com internetskoj trgovini. Na\u0161e seks lutke izra\u0111ene su od visokokvalitetnog silikona ili TPE. Ovi su materijali vrlo \u010dvrsti i omogu\u0107uju istezanje bez kidanja.<\/p>\n<p>Sve na\u0161e realisti\u010dne seks lutke ru\u010dno rade najbolji umjetnici na polju industrije odraslih. Na\u0161e seksualne lutke anatomski su pravilno oblikovane kako bi omogu\u0107ile varljivo stvaran i bez stresa vru\u0107i seks. Bez obzira u koji sat va\u0161a osobna seksualna lutka postoji za vas u svakoj situaciji u \u017eivotu kako bi vam pru\u017eila ro\u017eovito zadovoljstvo.<\/p>\n<p>Posve\u0107eni smo za\u0161titi va\u0161e privatnosti. Svi se paketi isporu\u010duju u 100% diskretnom pakiranju i otpremi, osim toga, detalji kupca su zape\u010da\u0107eni u na\u0161oj politici privatnosti. Velika nam je \u010dast pru\u017eiti vam najbolju kvalitetu po najpristupa\u010dnijoj cijeni i uz maksimalnu diskreciju.<\/p>\n<p>Ostvarujemo va\u0161e vru\u0107e snove.<\/p>\n<a href=\"\/du\u0107an\/\" class=\"button primary\" >\n\t<i class=\"icon-gift\" aria-hidden=\"true\"><\/i>\t<span>KUPITE SADA<\/span>\n\t<\/a>\n\n","protected":false},"excerpt":{"rendered":"<p>Moderni materijali i promi\u0161ljeni dizajn omogu\u0107ili su proizvodnju realisti\u010dnih seks lutki po razumnoj cijeni. Kvaliteta se s godinama pobolj\u0161avala, a broj svjetskih proizvo\u0111a\u010da pove\u0107ao. Zbog toga danas imate nevi\u0111en izbor pri kupnji seks lutke. Usko sura\u0111ujemo samo s najboljim proizvo\u0111a\u010dima u industriji i dr\u017eimo \u0161irok raspon seksualnih lutki, igra\u010daka za odrasle i dodataka u na\u0161oj [&#8230;]\n","protected":false},"author":1,"featured_media":0,"parent":0,"menu_order":0,"comment_status":"closed","ping_status":"closed","template":"","meta":{"footnotes":""},"class_list":["post-1680","page","type-page","status-publish","hentry"],"yoast_head":"<!-- This site is optimized with the Yoast SEO plugin v26.5 - https:\/\/yoast.com\/wordpress\/plugins\/seo\/ -->\n<title>Oko - Mad Girls<\/title>\n<meta name=\"robots\" content=\"index, follow, max-snippet:-1, max-image-preview:large, max-video-preview:-1\" \/>\n<link rel=\"canonical\" href=\"https:\/\/www.madgirls.com\/hr\/oko\/\" \/>\n<meta property=\"og:locale\" content=\"hr_HR\" \/>\n<meta property=\"og:type\" content=\"article\" \/>\n<meta property=\"og:title\" content=\"Oko - Mad Girls\" \/>\n<meta property=\"og:description\" content=\"Moderni materijali i promi\u0161ljeni dizajn omogu\u0107ili su proizvodnju realisti\u010dnih seks lutki po razumnoj cijeni. Kvaliteta se s godinama pobolj\u0161avala, a broj svjetskih proizvo\u0111a\u010da pove\u0107ao. Zbog toga danas imate nevi\u0111en izbor pri kupnji seks lutke. Usko sura\u0111ujemo samo s najboljim proizvo\u0111a\u010dima u industriji i dr\u017eimo \u0161irok raspon seksualnih lutki, igra\u010daka za odrasle i dodataka u na\u0161oj [...]\" \/>\n<meta property=\"og:url\" content=\"https:\/\/www.madgirls.com\/hr\/oko\/\" \/>\n<meta property=\"og:site_name\" content=\"Mad Girls\" \/>\n<meta property=\"article:modified_time\" content=\"2021-04-17T21:10:00+00:00\" \/>\n<meta name=\"twitter:card\" content=\"summary_large_image\" \/>\n<meta name=\"twitter:label1\" content=\"Procijenjeno vrijeme \u010ditanja\" \/>\n\t<meta name=\"twitter:data1\" content=\"1 minuta\" \/>\n<script type=\"application\/ld+json\" class=\"yoast-schema-graph\">{\"@context\":\"https:\/\/schema.org\",\"@graph\":[{\"@type\":\"WebPage\",\"@id\":\"https:\/\/www.madgirls.com\/hr\/oko\/\",\"url\":\"https:\/\/www.madgirls.com\/hr\/oko\/\",\"name\":\"Oko - Mad Girls\",\"isPartOf\":{\"@id\":\"https:\/\/www.madgirls.com\/hr\/#website\"},\"datePublished\":\"2021-04-17T21:09:58+00:00\",\"dateModified\":\"2021-04-17T21:10:00+00:00\",\"breadcrumb\":{\"@id\":\"https:\/\/www.madgirls.com\/hr\/oko\/#breadcrumb\"},\"inLanguage\":\"hr\",\"potentialAction\":[{\"@type\":\"ReadAction\",\"target\":[\"https:\/\/www.madgirls.com\/hr\/oko\/\"]}]},{\"@type\":\"BreadcrumbList\",\"@id\":\"https:\/\/www.madgirls.com\/hr\/oko\/#breadcrumb\",\"itemListElement\":[{\"@type\":\"ListItem\",\"position\":1,\"name\":\"Home\",\"item\":\"https:\/\/www.madgirls.com\/hr\/\"},{\"@type\":\"ListItem\",\"position\":2,\"name\":\"Oko\"}]},{\"@type\":\"WebSite\",\"@id\":\"https:\/\/www.madgirls.com\/hr\/#website\",\"url\":\"https:\/\/www.madgirls.com\/hr\/\",\"name\":\"Mad Girls\",\"description\":\"High Quality Sex Dolls - Worldwide Free Shipping\",\"publisher\":{\"@id\":\"https:\/\/www.madgirls.com\/hr\/#organization\"},\"potentialAction\":[{\"@type\":\"SearchAction\",\"target\":{\"@type\":\"EntryPoint\",\"urlTemplate\":\"https:\/\/www.madgirls.com\/hr\/?s={search_term_string}\"},\"query-input\":{\"@type\":\"PropertyValueSpecification\",\"valueRequired\":true,\"valueName\":\"search_term_string\"}}],\"inLanguage\":\"hr\"},{\"@type\":\"Organization\",\"@id\":\"https:\/\/www.madgirls.com\/hr\/#organization\",\"name\":\"Mad Girls\",\"url\":\"https:\/\/www.madgirls.com\/hr\/\",\"logo\":{\"@type\":\"ImageObject\",\"inLanguage\":\"hr\",\"@id\":\"https:\/\/www.madgirls.com\/hr\/#\/schema\/logo\/image\/\",\"url\":\"https:\/\/madgirls.com\/wp-content\/uploads\/madgirls_logo.png\",\"contentUrl\":\"https:\/\/madgirls.com\/wp-content\/uploads\/madgirls_logo.png\",\"width\":400,\"height\":84,\"caption\":\"Mad Girls\"},\"image\":{\"@id\":\"https:\/\/www.madgirls.com\/hr\/#\/schema\/logo\/image\/\"}}]}<\/script>\n<!-- \/ Yoast SEO plugin. -->","yoast_head_json":{"title":"Oko - Mad Girls","robots":{"index":"index","follow":"follow","max-snippet":"max-snippet:-1","max-image-preview":"max-image-preview:large","max-video-preview":"max-video-preview:-1"},"canonical":"https:\/\/www.madgirls.com\/hr\/oko\/","og_locale":"hr_HR","og_type":"article","og_title":"Oko - Mad Girls","og_description":"Moderni materijali i promi\u0161ljeni dizajn omogu\u0107ili su proizvodnju realisti\u010dnih seks lutki po razumnoj cijeni. Kvaliteta se s godinama pobolj\u0161avala, a broj svjetskih proizvo\u0111a\u010da pove\u0107ao. Zbog toga danas imate nevi\u0111en izbor pri kupnji seks lutke. Usko sura\u0111ujemo samo s najboljim proizvo\u0111a\u010dima u industriji i dr\u017eimo \u0161irok raspon seksualnih lutki, igra\u010daka za odrasle i dodataka u na\u0161oj [...]","og_url":"https:\/\/www.madgirls.com\/hr\/oko\/","og_site_name":"Mad Girls","article_modified_time":"2021-04-17T21:10:00+00:00","twitter_card":"summary_large_image","twitter_misc":{"Procijenjeno vrijeme \u010ditanja":"1 minuta"},"schema":{"@context":"https:\/\/schema.org","@graph":[{"@type":"WebPage","@id":"https:\/\/www.madgirls.com\/hr\/oko\/","url":"https:\/\/www.madgirls.com\/hr\/oko\/","name":"Oko - Mad Girls","isPartOf":{"@id":"https:\/\/www.madgirls.com\/hr\/#website"},"datePublished":"2021-04-17T21:09:58+00:00","dateModified":"2021-04-17T21:10:00+00:00","breadcrumb":{"@id":"https:\/\/www.madgirls.com\/hr\/oko\/#breadcrumb"},"inLanguage":"hr","potentialAction":[{"@type":"ReadAction","target":["https:\/\/www.madgirls.com\/hr\/oko\/"]}]},{"@type":"BreadcrumbList","@id":"https:\/\/www.madgirls.com\/hr\/oko\/#breadcrumb","itemListElement":[{"@type":"ListItem","position":1,"name":"Home","item":"https:\/\/www.madgirls.com\/hr\/"},{"@type":"ListItem","position":2,"name":"Oko"}]},{"@type":"WebSite","@id":"https:\/\/www.madgirls.com\/hr\/#website","url":"https:\/\/www.madgirls.com\/hr\/","name":"Mad Girls","description":"High Quality Sex Dolls - Worldwide Free Shipping","publisher":{"@id":"https:\/\/www.madgirls.com\/hr\/#organization"},"potentialAction":[{"@type":"SearchAction","target":{"@type":"EntryPoint","urlTemplate":"https:\/\/www.madgirls.com\/hr\/?s={search_term_string}"},"query-input":{"@type":"PropertyValueSpecification","valueRequired":true,"valueName":"search_term_string"}}],"inLanguage":"hr"},{"@type":"Organization","@id":"https:\/\/www.madgirls.com\/hr\/#organization","name":"Mad Girls","url":"https:\/\/www.madgirls.com\/hr\/","logo":{"@type":"ImageObject","inLanguage":"hr","@id":"https:\/\/www.madgirls.com\/hr\/#\/schema\/logo\/image\/","url":"https:\/\/madgirls.com\/wp-content\/uploads\/madgirls_logo.png","contentUrl":"https:\/\/madgirls.com\/wp-content\/uploads\/madgirls_logo.png","width":400,"height":84,"caption":"Mad Girls"},"image":{"@id":"https:\/\/www.madgirls.com\/hr\/#\/schema\/logo\/image\/"}}]}},"_links":{"self":[{"href":"https:\/\/www.madgirls.com\/hr\/wp-json\/wp\/v2\/pages\/1680","targetHints":{"allow":["GET"]}}],"collection":[{"href":"https:\/\/www.madgirls.com\/hr\/wp-json\/wp\/v2\/pages"}],"about":[{"href":"https:\/\/www.madgirls.com\/hr\/wp-json\/wp\/v2\/types\/page"}],"author":[{"embeddable":true,"href":"https:\/\/www.madgirls.com\/hr\/wp-json\/wp\/v2\/users\/1"}],"replies":[{"embeddable":true,"href":"https:\/\/www.madgirls.com\/hr\/wp-json\/wp\/v2\/comments?post=1680"}],"version-history":[{"count":8,"href":"https:\/\/www.madgirls.com\/hr\/wp-json\/wp\/v2\/pages\/1680\/revisions"}],"predecessor-version":[{"id":1688,"href":"https:\/\/www.madgirls.com\/hr\/wp-json\/wp\/v2\/pages\/1680\/revisions\/1688"}],"wp:attachment":[{"href":"https:\/\/www.madgirls.com\/hr\/wp-json\/wp\/v2\/media?parent=1680"}],"curies":[{"name":"wp","href":"https:\/\/api.w.org\/{rel}","templated":true}]}}