{"id":1818,"date":"2021-04-21T22:44:51","date_gmt":"2021-04-21T20:44:51","guid":{"rendered":"https:\/\/madgirls.com\/?post_type=product&#038;p=1818"},"modified":"2021-05-09T12:57:42","modified_gmt":"2021-05-09T10:57:42","slug":"elaine-148-cm-4ft8","status":"publish","type":"product","link":"https:\/\/www.madgirls.com\/hr\/shop\/elaine-148-cm-4ft8\/","title":{"rendered":"Elaine 148 cm (4ft8)"},"content":{"rendered":"\n\t\t<div class=\"tabbed-content\">\n\t\t\t\n\t\t\t<ul class=\"nav nav-simple nav-normal nav-size-normal nav-left\" role=\"tablist\"><li id=\"tab-1041350829\" class=\"tab active has-icon\" role=\"presentation\"><a href=\"#tab_1041350829\" role=\"tab\" aria-selected=\"true\" aria-controls=\"tab_1041350829\"><span><\/span><\/a><\/li><\/ul><div class=\"tab-panels\"><div id=\"tab_1041350829\" class=\"panel active entry-content\" role=\"tabpanel\" aria-labelledby=\"tab-1041350829\">\n<div class=\"row\"  id=\"row-1869821238\">\n\n\t<div id=\"col-722675907\" class=\"col medium-4 small-12 large-4\"  >\n\t\t\t\t<div class=\"col-inner\"  >\n\t\t\t\n\t\t\t\n<ul>\n<li><strong>Materijal<\/strong> : TPE lutka<\/li>\n<li><strong>Veli\u010dina<\/strong> : 148 cm<\/li>\n<li><strong>Vrat<\/strong> : 27 cm | 10,6 in\u010da<\/li>\n<li><strong>\u0160irina ramena<\/strong> : 32 cm | 12,6 in\u010da<\/li>\n<li><strong>Duljina ruke<\/strong> : 60 cm | 23,6 in\u010da<\/li>\n<li><strong>Duljina dlana<\/strong> : 14 cm | 5,5 in\u010da<\/li>\n<\/ul>\n\t\t<\/div>\n\t\t\t\t\t<\/div>\n\n\t\n\n\t<div id=\"col-312090330\" class=\"col medium-4 small-12 large-4\"  >\n\t\t\t\t<div class=\"col-inner\"  >\n\t\t\t\n\t\t\t\n<ul>\n<li style=\"font-weight: 400;\"><strong>Du\u017eina noge<\/strong> : 72 cm | 28,3 in\u010da<\/li>\n<li style=\"font-weight: 400;\"><strong>Du\u017eina stopala<\/strong> : 19 cm | 7,5 in\u010da<\/li>\n<li style=\"font-weight: 400;\"><strong>Pun poprsje<\/strong> : 62 cm | 24,4 in\u010da<\/li>\n<li style=\"font-weight: 400;\"><strong>Pod poprsjem<\/strong> : 49 cm | 19,3 in\u010da<\/li>\n<li style=\"font-weight: 400;\"><strong>Struk<\/strong> : 40 cm | 15,7 in\u010da<\/li>\n<li style=\"font-weight: 400;\"><strong>Hip<\/strong> : 78 cm | 30,7 in\u010da<\/li>\n<\/ul>\n\t\t<\/div>\n\t\t\t\t\t<\/div>\n\n\t\n\n\t<div id=\"col-1602990257\" class=\"col medium-4 small-12 large-4\"  >\n\t\t\t\t<div class=\"col-inner\"  >\n\t\t\t\n\t\t\t\n<ul>\n<li><strong>Te\u017eina<\/strong> : 28 kg<\/li>\n<li><strong>Usmena dubina<\/strong> : 12 cm | 4,7 in\u010da<\/li>\n<li><strong>Dubina rodnice<\/strong> : 16 cm | 6,3 in\u010da<\/li>\n<li><strong>Dubina analnog<\/strong> : 14 cm | 5,5 in\u010da<\/li>\n<li><strong>Veli\u010dina pakiranja<\/strong> : 140 * 40 * 28 cm | 55,1 * 15,7 * 11 in\u010da<\/li>\n<\/ul>\n\t\t<\/div>\n\t\t\t\t\t<\/div>\n\n\t\n<\/div>\n<\/div><\/div><\/div>\n","protected":false},"excerpt":{"rendered":"<p>Elaine je lijepa mlada djevojka iz susjeda u kasnim 20-ima koja se voli brinuti o mu\u0161karcima. Ima dugu sme\u0111u kosu, prekrasne o\u010di i nje\u017eno ru\u017ei\u010daste obraze. S njom \u0107ete se osje\u0107ati ugodno i opu\u0161teno jer ona \u010dini sve da vas usre\u0107i. Dolazi s glatko izbrijanom rodnicom koja se osje\u0107a izvrsno za vo\u0111enje ljubavi.<\/p>\n<p><em><strong>&#8220;Volim da me se svuku i ljube cijelu. \u017delim da me svu\u010dete o\u010dima, pa rukama. Jako sam strasna djevojka, moje tijelo je stvoreno za vo\u0111enje ljubavi. Moja ko\u017ea miri\u0161e bo\u017eanstveno, grudi su mi \u010dvrste i ponosna, a usne su mi meke i senzualne. &#8220;<\/strong><\/em><\/p>\n","protected":false},"featured_media":1819,"comment_status":"closed","ping_status":"closed","template":"","meta":[],"product_brand":[],"product_cat":[213,214,219,218,215,216,212,220,217],"product_tag":[],"class_list":{"0":"post-1818","1":"product","2":"type-product","3":"status-publish","4":"has-post-thumbnail","6":"product_cat-140-150-cm","7":"product_cat-europske-seksualne-lutke","8":"product_cat-male-grudi","9":"product_cat-mrsave-seksualne-lutke","10":"product_cat-seks-lutke","11":"product_cat-seks-lutke-plave-kose","12":"product_cat-teen-sex-lutke","13":"product_cat-tpe-seksualne-lutke","14":"product_cat-zenske-seksualne-lutke","16":"first","17":"instock","18":"sale","19":"purchasable","20":"product-type-simple"},"yoast_head":"<!-- This site is optimized with the Yoast SEO plugin v26.5 - https:\/\/yoast.com\/wordpress\/plugins\/seo\/ -->\n<title>Elaine 148 cm (4ft8) - Savr\u0161ena cjelovita seksualna lutka od Mad Girls<\/title>\n<meta name=\"description\" content=\"Elaine je lijepa mlada djevojka iz susjedstva koja se voli brinuti o mu\u0161karcima. Njezino je tijelo stvoreno za va\u0161e zadovoljstvo.\" \/>\n<meta name=\"robots\" content=\"index, follow, max-snippet:-1, max-image-preview:large, max-video-preview:-1\" \/>\n<link rel=\"canonical\" href=\"https:\/\/www.madgirls.com\/hr\/shop\/elaine-148-cm-4ft8\/\" \/>\n<meta property=\"og:locale\" content=\"hr_HR\" \/>\n<meta property=\"og:type\" content=\"article\" \/>\n<meta property=\"og:title\" content=\"Elaine 148 cm (4ft8) - Savr\u0161ena cjelovita seksualna lutka od Mad Girls\" \/>\n<meta property=\"og:description\" content=\"Elaine je lijepa mlada djevojka iz susjedstva koja se voli brinuti o mu\u0161karcima. Njezino je tijelo stvoreno za va\u0161e zadovoljstvo.\" \/>\n<meta property=\"og:url\" content=\"https:\/\/www.madgirls.com\/hr\/shop\/elaine-148-cm-4ft8\/\" \/>\n<meta property=\"og:site_name\" content=\"Mad Girls\" \/>\n<meta property=\"article:modified_time\" content=\"2021-05-09T10:57:42+00:00\" \/>\n<meta property=\"og:image\" content=\"https:\/\/www.madgirls.com\/wp-content\/uploads\/sex-dolls\/140-150cm-sex-dolls\/148cm-sku-148023\/148cm-sku-148023-01.jpg\" \/>\n\t<meta property=\"og:image:width\" content=\"1200\" \/>\n\t<meta property=\"og:image:height\" content=\"1800\" \/>\n\t<meta property=\"og:image:type\" content=\"image\/jpeg\" \/>\n<meta name=\"twitter:card\" content=\"summary_large_image\" \/>\n<meta name=\"twitter:label1\" content=\"Procijenjeno vrijeme \u010ditanja\" \/>\n\t<meta name=\"twitter:data1\" content=\"1 minuta\" \/>\n<script type=\"application\/ld+json\" class=\"yoast-schema-graph\">{\"@context\":\"https:\/\/schema.org\",\"@graph\":[{\"@type\":\"WebPage\",\"@id\":\"https:\/\/www.madgirls.com\/hr\/shop\/elaine-148-cm-4ft8\/\",\"url\":\"https:\/\/www.madgirls.com\/hr\/shop\/elaine-148-cm-4ft8\/\",\"name\":\"Elaine 148 cm (4ft8) - Savr\u0161ena cjelovita seksualna lutka od Mad Girls\",\"isPartOf\":{\"@id\":\"https:\/\/www.madgirls.com\/hr\/#website\"},\"primaryImageOfPage\":{\"@id\":\"https:\/\/www.madgirls.com\/hr\/shop\/elaine-148-cm-4ft8\/#primaryimage\"},\"image\":{\"@id\":\"https:\/\/www.madgirls.com\/hr\/shop\/elaine-148-cm-4ft8\/#primaryimage\"},\"thumbnailUrl\":\"https:\/\/www.madgirls.com\/wp-content\/uploads\/sex-dolls\/140-150cm-sex-dolls\/148cm-sku-148023\/148cm-sku-148023-01.jpg\",\"datePublished\":\"2021-04-21T20:44:51+00:00\",\"dateModified\":\"2021-05-09T10:57:42+00:00\",\"description\":\"Elaine je lijepa mlada djevojka iz susjedstva koja se voli brinuti o mu\u0161karcima. Njezino je tijelo stvoreno za va\u0161e zadovoljstvo.\",\"breadcrumb\":{\"@id\":\"https:\/\/www.madgirls.com\/hr\/shop\/elaine-148-cm-4ft8\/#breadcrumb\"},\"inLanguage\":\"hr\",\"potentialAction\":[{\"@type\":\"ReadAction\",\"target\":[\"https:\/\/www.madgirls.com\/hr\/shop\/elaine-148-cm-4ft8\/\"]}]},{\"@type\":\"ImageObject\",\"inLanguage\":\"hr\",\"@id\":\"https:\/\/www.madgirls.com\/hr\/shop\/elaine-148-cm-4ft8\/#primaryimage\",\"url\":\"https:\/\/www.madgirls.com\/wp-content\/uploads\/sex-dolls\/140-150cm-sex-dolls\/148cm-sku-148023\/148cm-sku-148023-01.jpg\",\"contentUrl\":\"https:\/\/www.madgirls.com\/wp-content\/uploads\/sex-dolls\/140-150cm-sex-dolls\/148cm-sku-148023\/148cm-sku-148023-01.jpg\",\"width\":1200,\"height\":1800},{\"@type\":\"BreadcrumbList\",\"@id\":\"https:\/\/www.madgirls.com\/hr\/shop\/elaine-148-cm-4ft8\/#breadcrumb\",\"itemListElement\":[{\"@type\":\"ListItem\",\"position\":1,\"name\":\"Home\",\"item\":\"https:\/\/www.madgirls.com\/hr\/\"},{\"@type\":\"ListItem\",\"position\":2,\"name\":\"Shop\",\"item\":\"https:\/\/www.madgirls.com\/shop-2\/\"},{\"@type\":\"ListItem\",\"position\":3,\"name\":\"Elaine 148 cm (4ft8)\"}]},{\"@type\":\"WebSite\",\"@id\":\"https:\/\/www.madgirls.com\/hr\/#website\",\"url\":\"https:\/\/www.madgirls.com\/hr\/\",\"name\":\"Mad Girls\",\"description\":\"High Quality Sex Dolls - Worldwide Free Shipping\",\"publisher\":{\"@id\":\"https:\/\/www.madgirls.com\/hr\/#organization\"},\"potentialAction\":[{\"@type\":\"SearchAction\",\"target\":{\"@type\":\"EntryPoint\",\"urlTemplate\":\"https:\/\/www.madgirls.com\/hr\/?s={search_term_string}\"},\"query-input\":{\"@type\":\"PropertyValueSpecification\",\"valueRequired\":true,\"valueName\":\"search_term_string\"}}],\"inLanguage\":\"hr\"},{\"@type\":\"Organization\",\"@id\":\"https:\/\/www.madgirls.com\/hr\/#organization\",\"name\":\"Mad Girls\",\"url\":\"https:\/\/www.madgirls.com\/hr\/\",\"logo\":{\"@type\":\"ImageObject\",\"inLanguage\":\"hr\",\"@id\":\"https:\/\/www.madgirls.com\/hr\/#\/schema\/logo\/image\/\",\"url\":\"https:\/\/madgirls.com\/wp-content\/uploads\/madgirls_logo.png\",\"contentUrl\":\"https:\/\/madgirls.com\/wp-content\/uploads\/madgirls_logo.png\",\"width\":400,\"height\":84,\"caption\":\"Mad Girls\"},\"image\":{\"@id\":\"https:\/\/www.madgirls.com\/hr\/#\/schema\/logo\/image\/\"}}]}<\/script>\n<!-- \/ Yoast SEO plugin. -->","yoast_head_json":{"title":"Elaine 148 cm (4ft8) - Savr\u0161ena cjelovita seksualna lutka od Mad Girls","description":"Elaine je lijepa mlada djevojka iz susjedstva koja se voli brinuti o mu\u0161karcima. Njezino je tijelo stvoreno za va\u0161e zadovoljstvo.","robots":{"index":"index","follow":"follow","max-snippet":"max-snippet:-1","max-image-preview":"max-image-preview:large","max-video-preview":"max-video-preview:-1"},"canonical":"https:\/\/www.madgirls.com\/hr\/shop\/elaine-148-cm-4ft8\/","og_locale":"hr_HR","og_type":"article","og_title":"Elaine 148 cm (4ft8) - Savr\u0161ena cjelovita seksualna lutka od Mad Girls","og_description":"Elaine je lijepa mlada djevojka iz susjedstva koja se voli brinuti o mu\u0161karcima. Njezino je tijelo stvoreno za va\u0161e zadovoljstvo.","og_url":"https:\/\/www.madgirls.com\/hr\/shop\/elaine-148-cm-4ft8\/","og_site_name":"Mad Girls","article_modified_time":"2021-05-09T10:57:42+00:00","og_image":[{"width":1200,"height":1800,"url":"https:\/\/www.madgirls.com\/wp-content\/uploads\/sex-dolls\/140-150cm-sex-dolls\/148cm-sku-148023\/148cm-sku-148023-01.jpg","type":"image\/jpeg"}],"twitter_card":"summary_large_image","twitter_misc":{"Procijenjeno vrijeme \u010ditanja":"1 minuta"},"schema":{"@context":"https:\/\/schema.org","@graph":[{"@type":"WebPage","@id":"https:\/\/www.madgirls.com\/hr\/shop\/elaine-148-cm-4ft8\/","url":"https:\/\/www.madgirls.com\/hr\/shop\/elaine-148-cm-4ft8\/","name":"Elaine 148 cm (4ft8) - Savr\u0161ena cjelovita seksualna lutka od Mad Girls","isPartOf":{"@id":"https:\/\/www.madgirls.com\/hr\/#website"},"primaryImageOfPage":{"@id":"https:\/\/www.madgirls.com\/hr\/shop\/elaine-148-cm-4ft8\/#primaryimage"},"image":{"@id":"https:\/\/www.madgirls.com\/hr\/shop\/elaine-148-cm-4ft8\/#primaryimage"},"thumbnailUrl":"https:\/\/www.madgirls.com\/wp-content\/uploads\/sex-dolls\/140-150cm-sex-dolls\/148cm-sku-148023\/148cm-sku-148023-01.jpg","datePublished":"2021-04-21T20:44:51+00:00","dateModified":"2021-05-09T10:57:42+00:00","description":"Elaine je lijepa mlada djevojka iz susjedstva koja se voli brinuti o mu\u0161karcima. Njezino je tijelo stvoreno za va\u0161e zadovoljstvo.","breadcrumb":{"@id":"https:\/\/www.madgirls.com\/hr\/shop\/elaine-148-cm-4ft8\/#breadcrumb"},"inLanguage":"hr","potentialAction":[{"@type":"ReadAction","target":["https:\/\/www.madgirls.com\/hr\/shop\/elaine-148-cm-4ft8\/"]}]},{"@type":"ImageObject","inLanguage":"hr","@id":"https:\/\/www.madgirls.com\/hr\/shop\/elaine-148-cm-4ft8\/#primaryimage","url":"https:\/\/www.madgirls.com\/wp-content\/uploads\/sex-dolls\/140-150cm-sex-dolls\/148cm-sku-148023\/148cm-sku-148023-01.jpg","contentUrl":"https:\/\/www.madgirls.com\/wp-content\/uploads\/sex-dolls\/140-150cm-sex-dolls\/148cm-sku-148023\/148cm-sku-148023-01.jpg","width":1200,"height":1800},{"@type":"BreadcrumbList","@id":"https:\/\/www.madgirls.com\/hr\/shop\/elaine-148-cm-4ft8\/#breadcrumb","itemListElement":[{"@type":"ListItem","position":1,"name":"Home","item":"https:\/\/www.madgirls.com\/hr\/"},{"@type":"ListItem","position":2,"name":"Shop","item":"https:\/\/www.madgirls.com\/shop-2\/"},{"@type":"ListItem","position":3,"name":"Elaine 148 cm (4ft8)"}]},{"@type":"WebSite","@id":"https:\/\/www.madgirls.com\/hr\/#website","url":"https:\/\/www.madgirls.com\/hr\/","name":"Mad Girls","description":"High Quality Sex Dolls - Worldwide Free Shipping","publisher":{"@id":"https:\/\/www.madgirls.com\/hr\/#organization"},"potentialAction":[{"@type":"SearchAction","target":{"@type":"EntryPoint","urlTemplate":"https:\/\/www.madgirls.com\/hr\/?s={search_term_string}"},"query-input":{"@type":"PropertyValueSpecification","valueRequired":true,"valueName":"search_term_string"}}],"inLanguage":"hr"},{"@type":"Organization","@id":"https:\/\/www.madgirls.com\/hr\/#organization","name":"Mad Girls","url":"https:\/\/www.madgirls.com\/hr\/","logo":{"@type":"ImageObject","inLanguage":"hr","@id":"https:\/\/www.madgirls.com\/hr\/#\/schema\/logo\/image\/","url":"https:\/\/madgirls.com\/wp-content\/uploads\/madgirls_logo.png","contentUrl":"https:\/\/madgirls.com\/wp-content\/uploads\/madgirls_logo.png","width":400,"height":84,"caption":"Mad Girls"},"image":{"@id":"https:\/\/www.madgirls.com\/hr\/#\/schema\/logo\/image\/"}}]}},"_links":{"self":[{"href":"https:\/\/www.madgirls.com\/hr\/wp-json\/wp\/v2\/product\/1818","targetHints":{"allow":["GET"]}}],"collection":[{"href":"https:\/\/www.madgirls.com\/hr\/wp-json\/wp\/v2\/product"}],"about":[{"href":"https:\/\/www.madgirls.com\/hr\/wp-json\/wp\/v2\/types\/product"}],"replies":[{"embeddable":true,"href":"https:\/\/www.madgirls.com\/hr\/wp-json\/wp\/v2\/comments?post=1818"}],"wp:featuredmedia":[{"embeddable":true,"href":"https:\/\/www.madgirls.com\/hr\/wp-json\/wp\/v2\/media\/1819"}],"wp:attachment":[{"href":"https:\/\/www.madgirls.com\/hr\/wp-json\/wp\/v2\/media?parent=1818"}],"wp:term":[{"taxonomy":"product_brand","embeddable":true,"href":"https:\/\/www.madgirls.com\/hr\/wp-json\/wp\/v2\/product_brand?post=1818"},{"taxonomy":"product_cat","embeddable":true,"href":"https:\/\/www.madgirls.com\/hr\/wp-json\/wp\/v2\/product_cat?post=1818"},{"taxonomy":"product_tag","embeddable":true,"href":"https:\/\/www.madgirls.com\/hr\/wp-json\/wp\/v2\/product_tag?post=1818"}],"curies":[{"name":"wp","href":"https:\/\/api.w.org\/{rel}","templated":true}]}}