{"id":3951,"date":"2021-01-19T23:23:34","date_gmt":"2021-05-09T10:56:09","guid":{"rendered":"https:\/\/madgirls.com\/shop\/angelica-148cm-4ft8\/"},"modified":"2021-05-09T12:56:12","modified_gmt":"2021-05-09T10:56:12","slug":"angelica-148cm-4ft8","status":"publish","type":"product","link":"https:\/\/www.madgirls.com\/sl\/shop\/angelica-148cm-4ft8\/","title":{"rendered":"Angelica 148cm (4ft8)"},"content":{"rendered":"\n\t\t<div class=\"tabbed-content\">\n\t\t\t\n\t\t\t<ul class=\"nav nav-simple nav-normal nav-size-normal nav-left\" role=\"tablist\"><li id=\"tab-2212327019\" class=\"tab active has-icon\" role=\"presentation\"><a href=\"#tab_2212327019\" role=\"tab\" aria-selected=\"true\" aria-controls=\"tab_2212327019\"><span><\/span><\/a><\/li><\/ul><div class=\"tab-panels\"><div id=\"tab_2212327019\" class=\"panel active entry-content\" role=\"tabpanel\" aria-labelledby=\"tab-2212327019\">\n<div class=\"row\"  id=\"row-1302189368\">\n\n\t<div id=\"col-1459714744\" class=\"col medium-4 small-12 large-4\"  >\n\t\t\t\t<div class=\"col-inner\"  >\n\t\t\t\n\t\t\t\n<ul>\n<li><strong>Material<\/strong> : Lutka TPE<\/li>\n<li><strong>Velikost<\/strong> : 148 cm<\/li>\n<li><strong>Vrat<\/strong> : 27 cm | 10,6 palca<\/li>\n<li><strong>\u0160irina ramen<\/strong> : 32 cm | 12,6 palca<\/li>\n<li><strong>Dol\u017eina roke<\/strong> : 60 cm | 23,6 palca<\/li>\n<li><strong>Dol\u017eina dlani<\/strong> : 14 cm | 5,5 palca<\/li>\n<\/ul>\n\t\t<\/div>\n\t\t\t\t\t<\/div>\n\n\t\n\n\t<div id=\"col-1107092974\" class=\"col medium-4 small-12 large-4\"  >\n\t\t\t\t<div class=\"col-inner\"  >\n\t\t\t\n\t\t\t\n<ul>\n<li style=\"font-weight: 400;\"><strong>Dol\u017eina noge<\/strong> : 72 cm | 28,3 palca<\/li>\n<li style=\"font-weight: 400;\"><strong>Dol\u017eina stopala<\/strong> : 19 cm | 7,5 palcev<\/li>\n<li style=\"font-weight: 400;\"><strong>Polno doprsje<\/strong> : 62 cm | 24,4 palca<\/li>\n<li style=\"font-weight: 400;\"><strong>Pod Bust<\/strong> : 49 cm | 19,3 palca<\/li>\n<li style=\"font-weight: 400;\"><strong>Pas<\/strong> : 40 cm | 15,7 palca<\/li>\n<li style=\"font-weight: 400;\"><strong>Kolk<\/strong> : 78 cm | 30,7 palca<\/li>\n<\/ul>\n\t\t<\/div>\n\t\t\t\t\t<\/div>\n\n\t\n\n\t<div id=\"col-931310446\" class=\"col medium-4 small-12 large-4\"  >\n\t\t\t\t<div class=\"col-inner\"  >\n\t\t\t\n\t\t\t\n<ul>\n<li><strong>Ute\u017e<\/strong> : 28 kg<\/li>\n<li><strong>Ustna globina<\/strong> : 12 cm | 4,7 palca<\/li>\n<li><strong>Globina no\u017enice<\/strong> : 16 cm | 6,3 palca<\/li>\n<li><strong>Globina analnega<\/strong> : 14 cm | 5,5 palca<\/li>\n<li><strong>Velikost pakiranja<\/strong> : 140 * 40 * 28 cm | 55,1 * 15,7 * 11 palcev<\/li>\n<\/ul>\n\t\t<\/div>\n\t\t\t\t\t<\/div>\n\n\t\n<\/div>\n<\/div><\/div><\/div>\n","protected":false},"excerpt":{"rendered":"<p>Angelica je popolna spremljevalka. Je \u010dudovita soseda, ki rada ugaja in bo storila vse, kar jo prosite. Njena gladko obrite no\u017enice se po\u010dutijo udobno in prijetno za ljubljenje. S pari vabljivih dojk so njene trdne bradavi\u010dke pripravljene na stimulacijo. Njeno ukrivljeno telo je videti neverjetno, ne glede na to, kje je, v zaprtih prostorih ali na prostem, pono\u010di ali podnevi. Je posebna dama, ki u\u017eiva \u017eivljenje in ga \u017eeli \u017eiveti s tabo!<\/p>\n<p><em><strong>&#8220;Moja svilnato gladka ko\u017ea \u010daka, da me poljubi\u0161, pobo\u017ea\u0161 in razi\u0161\u010de\u0161 vsak centimeter. Moje ustnice \u010dakajo na poljub in sesanje. Bradavi\u010dke samo prosijo, da bi jih polizali! Tako sem seksi, prepri\u010dana sem oba bova imela eroti\u010dno pustolov\u0161\u010dino, zaradi katere se bo\u0161 vedno znova in znova vra\u010dal! &#8220;<\/strong><\/em><\/p>\n","protected":false},"featured_media":317,"comment_status":"closed","ping_status":"closed","template":"","meta":[],"product_brand":[],"product_cat":[232,233,238,235,234,237,231,239,236],"product_tag":[],"class_list":{"0":"post-3951","1":"product","2":"type-product","3":"status-publish","4":"has-post-thumbnail","6":"product_cat-140-150-cm-sl","7":"product_cat-evropske-seks-lutke","8":"product_cat-majhne-prsi","9":"product_cat-puncke-za-blond-lase","10":"product_cat-sex-lutke","11":"product_cat-suhe-seks-lutke","12":"product_cat-teen-sex-lutke-sl","13":"product_cat-tpe-sex-lutke","14":"product_cat-zenske-seks-lutke","16":"first","17":"instock","18":"sale","19":"purchasable","20":"product-type-simple"},"yoast_head":"<!-- This site is optimized with the Yoast SEO plugin v26.5 - https:\/\/yoast.com\/wordpress\/plugins\/seo\/ -->\n<title>Angelica 148cm (4ft8) - Mad Girls<\/title>\n<meta name=\"robots\" content=\"index, follow, max-snippet:-1, max-image-preview:large, max-video-preview:-1\" \/>\n<link rel=\"canonical\" href=\"https:\/\/www.madgirls.com\/sl\/shop\/angelica-148cm-4ft8\/\" \/>\n<meta property=\"og:locale\" content=\"sl_SI\" \/>\n<meta property=\"og:type\" content=\"article\" \/>\n<meta property=\"og:title\" content=\"Angelica 148cm (4ft8) - Mad Girls\" \/>\n<meta property=\"og:description\" content=\"Angelica je popolna spremljevalka. Je \u010dudovita soseda, ki rada ugaja in bo storila vse, kar jo prosite. Njena gladko obrite no\u017enice se po\u010dutijo udobno in prijetno za ljubljenje. S pari vabljivih dojk so njene trdne bradavi\u010dke pripravljene na stimulacijo. Njeno ukrivljeno telo je videti neverjetno, ne glede na to, kje je, v zaprtih prostorih ali na prostem, pono\u010di ali podnevi. Je posebna dama, ki u\u017eiva \u017eivljenje in ga \u017eeli \u017eiveti s tabo! &quot;Moja svilnato gladka ko\u017ea \u010daka, da me poljubi\u0161, pobo\u017ea\u0161 in razi\u0161\u010de\u0161 vsak centimeter. Moje ustnice \u010dakajo na poljub in sesanje. Bradavi\u010dke samo prosijo, da bi jih polizali! Tako sem seksi, prepri\u010dana sem oba bova imela eroti\u010dno pustolov\u0161\u010dino, zaradi katere se bo\u0161 vedno znova in znova vra\u010dal! &quot;\" \/>\n<meta property=\"og:url\" content=\"https:\/\/www.madgirls.com\/sl\/shop\/angelica-148cm-4ft8\/\" \/>\n<meta property=\"og:site_name\" content=\"Mad Girls\" \/>\n<meta property=\"article:modified_time\" content=\"2021-05-09T10:56:12+00:00\" \/>\n<meta property=\"og:image\" content=\"https:\/\/www.madgirls.com\/wp-content\/uploads\/sex-dolls\/140-150cm-sex-dolls\/148cm-sku-148017\/148cm-sku-148017-01.jpg\" \/>\n\t<meta property=\"og:image:width\" content=\"1280\" \/>\n\t<meta property=\"og:image:height\" content=\"1920\" \/>\n\t<meta property=\"og:image:type\" content=\"image\/jpeg\" \/>\n<meta name=\"twitter:card\" content=\"summary_large_image\" \/>\n<script type=\"application\/ld+json\" class=\"yoast-schema-graph\">{\"@context\":\"https:\/\/schema.org\",\"@graph\":[{\"@type\":\"WebPage\",\"@id\":\"https:\/\/www.madgirls.com\/sl\/shop\/angelica-148cm-4ft8\/\",\"url\":\"https:\/\/www.madgirls.com\/sl\/shop\/angelica-148cm-4ft8\/\",\"name\":\"Angelica 148cm (4ft8) - Mad Girls\",\"isPartOf\":{\"@id\":\"https:\/\/www.madgirls.com\/sl\/#website\"},\"primaryImageOfPage\":{\"@id\":\"https:\/\/www.madgirls.com\/sl\/shop\/angelica-148cm-4ft8\/#primaryimage\"},\"image\":{\"@id\":\"https:\/\/www.madgirls.com\/sl\/shop\/angelica-148cm-4ft8\/#primaryimage\"},\"thumbnailUrl\":\"https:\/\/www.madgirls.com\/wp-content\/uploads\/sex-dolls\/140-150cm-sex-dolls\/148cm-sku-148017\/148cm-sku-148017-01.jpg\",\"datePublished\":\"2021-05-09T10:56:09+00:00\",\"dateModified\":\"2021-05-09T10:56:12+00:00\",\"breadcrumb\":{\"@id\":\"https:\/\/www.madgirls.com\/sl\/shop\/angelica-148cm-4ft8\/#breadcrumb\"},\"inLanguage\":\"sl-SI\",\"potentialAction\":[{\"@type\":\"ReadAction\",\"target\":[\"https:\/\/www.madgirls.com\/sl\/shop\/angelica-148cm-4ft8\/\"]}]},{\"@type\":\"ImageObject\",\"inLanguage\":\"sl-SI\",\"@id\":\"https:\/\/www.madgirls.com\/sl\/shop\/angelica-148cm-4ft8\/#primaryimage\",\"url\":\"https:\/\/www.madgirls.com\/wp-content\/uploads\/sex-dolls\/140-150cm-sex-dolls\/148cm-sku-148017\/148cm-sku-148017-01.jpg\",\"contentUrl\":\"https:\/\/www.madgirls.com\/wp-content\/uploads\/sex-dolls\/140-150cm-sex-dolls\/148cm-sku-148017\/148cm-sku-148017-01.jpg\",\"width\":1280,\"height\":1920},{\"@type\":\"BreadcrumbList\",\"@id\":\"https:\/\/www.madgirls.com\/sl\/shop\/angelica-148cm-4ft8\/#breadcrumb\",\"itemListElement\":[{\"@type\":\"ListItem\",\"position\":1,\"name\":\"Home\",\"item\":\"https:\/\/www.madgirls.com\/sl\/\"},{\"@type\":\"ListItem\",\"position\":2,\"name\":\"Shop\",\"item\":\"https:\/\/www.madgirls.com\/shop-2\/\"},{\"@type\":\"ListItem\",\"position\":3,\"name\":\"Angelica 148cm (4ft8)\"}]},{\"@type\":\"WebSite\",\"@id\":\"https:\/\/www.madgirls.com\/sl\/#website\",\"url\":\"https:\/\/www.madgirls.com\/sl\/\",\"name\":\"Mad Girls\",\"description\":\"High Quality Sex Dolls - Worldwide Free Shipping\",\"publisher\":{\"@id\":\"https:\/\/www.madgirls.com\/sl\/#organization\"},\"potentialAction\":[{\"@type\":\"SearchAction\",\"target\":{\"@type\":\"EntryPoint\",\"urlTemplate\":\"https:\/\/www.madgirls.com\/sl\/?s={search_term_string}\"},\"query-input\":{\"@type\":\"PropertyValueSpecification\",\"valueRequired\":true,\"valueName\":\"search_term_string\"}}],\"inLanguage\":\"sl-SI\"},{\"@type\":\"Organization\",\"@id\":\"https:\/\/www.madgirls.com\/sl\/#organization\",\"name\":\"Mad Girls\",\"url\":\"https:\/\/www.madgirls.com\/sl\/\",\"logo\":{\"@type\":\"ImageObject\",\"inLanguage\":\"sl-SI\",\"@id\":\"https:\/\/www.madgirls.com\/sl\/#\/schema\/logo\/image\/\",\"url\":\"https:\/\/madgirls.com\/wp-content\/uploads\/madgirls_logo.png\",\"contentUrl\":\"https:\/\/madgirls.com\/wp-content\/uploads\/madgirls_logo.png\",\"width\":400,\"height\":84,\"caption\":\"Mad Girls\"},\"image\":{\"@id\":\"https:\/\/www.madgirls.com\/sl\/#\/schema\/logo\/image\/\"}}]}<\/script>\n<!-- \/ Yoast SEO plugin. -->","yoast_head_json":{"title":"Angelica 148cm (4ft8) - Mad Girls","robots":{"index":"index","follow":"follow","max-snippet":"max-snippet:-1","max-image-preview":"max-image-preview:large","max-video-preview":"max-video-preview:-1"},"canonical":"https:\/\/www.madgirls.com\/sl\/shop\/angelica-148cm-4ft8\/","og_locale":"sl_SI","og_type":"article","og_title":"Angelica 148cm (4ft8) - Mad Girls","og_description":"Angelica je popolna spremljevalka. Je \u010dudovita soseda, ki rada ugaja in bo storila vse, kar jo prosite. Njena gladko obrite no\u017enice se po\u010dutijo udobno in prijetno za ljubljenje. S pari vabljivih dojk so njene trdne bradavi\u010dke pripravljene na stimulacijo. Njeno ukrivljeno telo je videti neverjetno, ne glede na to, kje je, v zaprtih prostorih ali na prostem, pono\u010di ali podnevi. Je posebna dama, ki u\u017eiva \u017eivljenje in ga \u017eeli \u017eiveti s tabo! \"Moja svilnato gladka ko\u017ea \u010daka, da me poljubi\u0161, pobo\u017ea\u0161 in razi\u0161\u010de\u0161 vsak centimeter. Moje ustnice \u010dakajo na poljub in sesanje. Bradavi\u010dke samo prosijo, da bi jih polizali! Tako sem seksi, prepri\u010dana sem oba bova imela eroti\u010dno pustolov\u0161\u010dino, zaradi katere se bo\u0161 vedno znova in znova vra\u010dal! \"","og_url":"https:\/\/www.madgirls.com\/sl\/shop\/angelica-148cm-4ft8\/","og_site_name":"Mad Girls","article_modified_time":"2021-05-09T10:56:12+00:00","og_image":[{"width":1280,"height":1920,"url":"https:\/\/www.madgirls.com\/wp-content\/uploads\/sex-dolls\/140-150cm-sex-dolls\/148cm-sku-148017\/148cm-sku-148017-01.jpg","type":"image\/jpeg"}],"twitter_card":"summary_large_image","schema":{"@context":"https:\/\/schema.org","@graph":[{"@type":"WebPage","@id":"https:\/\/www.madgirls.com\/sl\/shop\/angelica-148cm-4ft8\/","url":"https:\/\/www.madgirls.com\/sl\/shop\/angelica-148cm-4ft8\/","name":"Angelica 148cm (4ft8) - Mad Girls","isPartOf":{"@id":"https:\/\/www.madgirls.com\/sl\/#website"},"primaryImageOfPage":{"@id":"https:\/\/www.madgirls.com\/sl\/shop\/angelica-148cm-4ft8\/#primaryimage"},"image":{"@id":"https:\/\/www.madgirls.com\/sl\/shop\/angelica-148cm-4ft8\/#primaryimage"},"thumbnailUrl":"https:\/\/www.madgirls.com\/wp-content\/uploads\/sex-dolls\/140-150cm-sex-dolls\/148cm-sku-148017\/148cm-sku-148017-01.jpg","datePublished":"2021-05-09T10:56:09+00:00","dateModified":"2021-05-09T10:56:12+00:00","breadcrumb":{"@id":"https:\/\/www.madgirls.com\/sl\/shop\/angelica-148cm-4ft8\/#breadcrumb"},"inLanguage":"sl-SI","potentialAction":[{"@type":"ReadAction","target":["https:\/\/www.madgirls.com\/sl\/shop\/angelica-148cm-4ft8\/"]}]},{"@type":"ImageObject","inLanguage":"sl-SI","@id":"https:\/\/www.madgirls.com\/sl\/shop\/angelica-148cm-4ft8\/#primaryimage","url":"https:\/\/www.madgirls.com\/wp-content\/uploads\/sex-dolls\/140-150cm-sex-dolls\/148cm-sku-148017\/148cm-sku-148017-01.jpg","contentUrl":"https:\/\/www.madgirls.com\/wp-content\/uploads\/sex-dolls\/140-150cm-sex-dolls\/148cm-sku-148017\/148cm-sku-148017-01.jpg","width":1280,"height":1920},{"@type":"BreadcrumbList","@id":"https:\/\/www.madgirls.com\/sl\/shop\/angelica-148cm-4ft8\/#breadcrumb","itemListElement":[{"@type":"ListItem","position":1,"name":"Home","item":"https:\/\/www.madgirls.com\/sl\/"},{"@type":"ListItem","position":2,"name":"Shop","item":"https:\/\/www.madgirls.com\/shop-2\/"},{"@type":"ListItem","position":3,"name":"Angelica 148cm (4ft8)"}]},{"@type":"WebSite","@id":"https:\/\/www.madgirls.com\/sl\/#website","url":"https:\/\/www.madgirls.com\/sl\/","name":"Mad Girls","description":"High Quality Sex Dolls - Worldwide Free Shipping","publisher":{"@id":"https:\/\/www.madgirls.com\/sl\/#organization"},"potentialAction":[{"@type":"SearchAction","target":{"@type":"EntryPoint","urlTemplate":"https:\/\/www.madgirls.com\/sl\/?s={search_term_string}"},"query-input":{"@type":"PropertyValueSpecification","valueRequired":true,"valueName":"search_term_string"}}],"inLanguage":"sl-SI"},{"@type":"Organization","@id":"https:\/\/www.madgirls.com\/sl\/#organization","name":"Mad Girls","url":"https:\/\/www.madgirls.com\/sl\/","logo":{"@type":"ImageObject","inLanguage":"sl-SI","@id":"https:\/\/www.madgirls.com\/sl\/#\/schema\/logo\/image\/","url":"https:\/\/madgirls.com\/wp-content\/uploads\/madgirls_logo.png","contentUrl":"https:\/\/madgirls.com\/wp-content\/uploads\/madgirls_logo.png","width":400,"height":84,"caption":"Mad Girls"},"image":{"@id":"https:\/\/www.madgirls.com\/sl\/#\/schema\/logo\/image\/"}}]}},"_links":{"self":[{"href":"https:\/\/www.madgirls.com\/sl\/wp-json\/wp\/v2\/product\/3951","targetHints":{"allow":["GET"]}}],"collection":[{"href":"https:\/\/www.madgirls.com\/sl\/wp-json\/wp\/v2\/product"}],"about":[{"href":"https:\/\/www.madgirls.com\/sl\/wp-json\/wp\/v2\/types\/product"}],"replies":[{"embeddable":true,"href":"https:\/\/www.madgirls.com\/sl\/wp-json\/wp\/v2\/comments?post=3951"}],"wp:featuredmedia":[{"embeddable":true,"href":"https:\/\/www.madgirls.com\/sl\/wp-json\/wp\/v2\/media\/317"}],"wp:attachment":[{"href":"https:\/\/www.madgirls.com\/sl\/wp-json\/wp\/v2\/media?parent=3951"}],"wp:term":[{"taxonomy":"product_brand","embeddable":true,"href":"https:\/\/www.madgirls.com\/sl\/wp-json\/wp\/v2\/product_brand?post=3951"},{"taxonomy":"product_cat","embeddable":true,"href":"https:\/\/www.madgirls.com\/sl\/wp-json\/wp\/v2\/product_cat?post=3951"},{"taxonomy":"product_tag","embeddable":true,"href":"https:\/\/www.madgirls.com\/sl\/wp-json\/wp\/v2\/product_tag?post=3951"}],"curies":[{"name":"wp","href":"https:\/\/api.w.org\/{rel}","templated":true}]}}